{"id":3475,"date":"2025-05-22T13:48:03","date_gmt":"2025-05-22T12:48:03","guid":{"rendered":"https:\/\/businesspool-hub.eu\/candidate-alert\/"},"modified":"2025-06-12T13:41:09","modified_gmt":"2025-06-12T12:41:09","slug":"candidate-alert-ita","status":"publish","type":"page","link":"https:\/\/businesspool-hub.eu\/it\/candidate-alert-ita\/","title":{"rendered":"Candidate Alert"},"content":{"rendered":"\t\t<div data-elementor-type=\"wp-page\" data-elementor-id=\"3475\" class=\"elementor elementor-3475 elementor-3470\" data-elementor-post-type=\"page\">\n\t\t\t\t<div class=\"elementor-element elementor-element-184506e e-flex e-con-boxed wpr-particle-no wpr-jarallax-no wpr-parallax-no wpr-sticky-section-no e-con e-parent\" data-id=\"184506e\" data-element_type=\"container\" data-settings=\"{&quot;background_background&quot;:&quot;classic&quot;}\">\n\t\t\t\t\t<div class=\"e-con-inner\">\n\t\t\t\t<div class=\"elementor-element elementor-element-34bd688 elementor-widget-laptop__width-initial elementor-widget elementor-widget-image\" data-id=\"34bd688\" data-element_type=\"widget\" data-widget_type=\"image.default\">\n\t\t\t\t<div class=\"elementor-widget-container\">\n\t\t\t\t\t\t\t\t\t\t\t\t\t\t\t<img fetchpriority=\"high\" decoding=\"async\" width=\"946\" height=\"158\" src=\"https:\/\/businesspool-hub.eu\/wp-content\/uploads\/2025\/05\/BUSINESS_POOL_Claim-DE_WEISS-e1747918796362.png\" class=\"attachment-large size-large wp-image-3440\" alt=\"\" \/>\t\t\t\t\t\t\t\t\t\t\t\t\t\t\t<\/div>\n\t\t\t\t<\/div>\n\t\t\t\t<div class=\"elementor-element elementor-element-f08d5b1 elementor-widget elementor-widget-heading\" data-id=\"f08d5b1\" data-element_type=\"widget\" data-widget_type=\"heading.default\">\n\t\t\t\t<div class=\"elementor-widget-container\">\n\t\t\t\t\t<h2 class=\"elementor-heading-title elementor-size-default\">CANDIDATE ALERT<\/h2>\t\t\t\t<\/div>\n\t\t\t\t<\/div>\n\t\t\t\t<div class=\"elementor-element elementor-element-76f823d elementor-widget-mobile__width-initial elementor-widget elementor-widget-heading\" data-id=\"76f823d\" data-element_type=\"widget\" data-widget_type=\"heading.default\">\n\t\t\t\t<div class=\"elementor-widget-container\">\n\t\t\t\t\t<h2 class=\"elementor-heading-title elementor-size-default\">Candidate Alert Premium \u2013 Provi ora gratuitamente per 30 giorni<\/h2>\t\t\t\t<\/div>\n\t\t\t\t<\/div>\n\t\t\t\t\t<\/div>\n\t\t\t\t<\/div>\n\t\t<div class=\"elementor-element elementor-element-ec6ec42 e-flex e-con-boxed wpr-particle-no wpr-jarallax-no wpr-parallax-no wpr-sticky-section-no e-con e-parent\" data-id=\"ec6ec42\" data-element_type=\"container\">\n\t\t\t\t\t<div class=\"e-con-inner\">\n\t\t\t\t<div class=\"elementor-element elementor-element-2ef6f90 elementor-widget-laptop__width-initial elementor-widget elementor-widget-heading\" data-id=\"2ef6f90\" data-element_type=\"widget\" data-widget_type=\"heading.default\">\n\t\t\t\t<div class=\"elementor-widget-container\">\n\t\t\t\t\t<h2 class=\"elementor-heading-title elementor-size-default\">Si registri qui<\/h2>\t\t\t\t<\/div>\n\t\t\t\t<\/div>\n\t\t\t\t<div class=\"elementor-element elementor-element-a7d32c4 elementor-widget elementor-widget-text-editor\" data-id=\"a7d32c4\" data-element_type=\"widget\" data-widget_type=\"text-editor.default\">\n\t\t\t\t<div class=\"elementor-widget-container\">\n\t\t\t\t\t\t\t\t\t<p>Colga l\u2019opportunit\u00e0 di testare gratuitamente e senza impegno il nostro servizio <strong>Candidate Alert<\/strong> <strong>Premium<\/strong> per un periodo di prova fino a 30 giorni.<br \/>Ricever\u00e0 settimanalmente informazioni esclusive su candidati e candidate altamente qualificati, attualmente disponibili \u2013 con i quali abbiamo gi\u00e0 svolto colloqui personali e formulato una valutazione approfondita.<\/p><p>Acceda in anticipo ai migliori talenti e si assicuri cos\u00ec un vantaggio competitivo decisivo sul mercato.<br \/>Conosca i candidati pi\u00f9 interessanti \u2013 <strong>prima degli altri<\/strong>.<\/p><p><strong>Importante<\/strong>: Se non disdice entro e non oltre 30 giorni dalla data di sottoscrizione del periodo di prova, l\u2019abbonamento al servizio <strong>Candidate Alert Premium<\/strong> si intender\u00e0 automaticamente attivato.<\/p><p>Trover\u00e0 ulteriori informazioni su costi, durata e modalit\u00e0 di disdetta sotto.<br \/>Con l\u2019invio della registrazione, Lei dichiara di aver letto e accettato le condizioni.<\/p>\t\t\t\t\t\t\t\t<\/div>\n\t\t\t\t<\/div>\n\t\t\t\t<div class=\"elementor-element elementor-element-4eeca6a elementor-align-center elementor-widget elementor-widget-button\" data-id=\"4eeca6a\" data-element_type=\"widget\" data-widget_type=\"button.default\">\n\t\t\t\t<div class=\"elementor-widget-container\">\n\t\t\t\t\t\t\t\t\t<div class=\"elementor-button-wrapper\">\n\t\t\t\t\t<a class=\"elementor-button elementor-button-link elementor-size-sm\" href=\"#elementor-action%3Aaction%3Dpopup%3Aopen%26settings%3DeyJpZCI6MzUxNiwidG9nZ2xlIjpmYWxzZX0%3D\">\n\t\t\t\t\t\t<span class=\"elementor-button-content-wrapper\">\n\t\t\t\t\t\t\t\t\t<span class=\"elementor-button-text\">Condizioni generali<\/span>\n\t\t\t\t\t<\/span>\n\t\t\t\t\t<\/a>\n\t\t\t\t<\/div>\n\t\t\t\t\t\t\t\t<\/div>\n\t\t\t\t<\/div>\n\t\t\t\t<div class=\"elementor-element elementor-element-d058770 elementor-widget elementor-widget-text-editor\" data-id=\"d058770\" data-element_type=\"widget\" data-widget_type=\"text-editor.default\">\n\t\t\t\t<div class=\"elementor-widget-container\">\n\t\t\t\t\t\t\t\t\t<p><strong>Si registri ora e approfitti di tutti i vantaggi compilando il seguente modulo:<\/strong><\/p>\t\t\t\t\t\t\t\t<\/div>\n\t\t\t\t<\/div>\n\t\t\t\t<div class=\"elementor-element elementor-element-3fa52e5 elementor-widget__width-initial elementor-tablet-button-align-stretch elementor-widget-laptop__width-initial elementor-button-align-stretch elementor-widget elementor-widget-form\" data-id=\"3fa52e5\" data-element_type=\"widget\" data-settings=\"{&quot;step_next_label&quot;:&quot;Successivo&quot;,&quot;step_previous_label&quot;:&quot;Precedente&quot;,&quot;button_width_tablet&quot;:&quot;100&quot;,&quot;button_width&quot;:&quot;100&quot;,&quot;step_type&quot;:&quot;number_text&quot;,&quot;step_icon_shape&quot;:&quot;circle&quot;}\" data-widget_type=\"form.default\">\n\t\t\t\t<div class=\"elementor-widget-container\">\n\t\t\t\t\t\t\t<form class=\"elementor-form\" method=\"post\" name=\"Nuovo modulo\">\n\t\t\t<input type=\"hidden\" name=\"post_id\" value=\"3475\"\/>\n\t\t\t<input type=\"hidden\" name=\"form_id\" value=\"3fa52e5\"\/>\n\t\t\t<input type=\"hidden\" name=\"referer_title\" value=\"Candidate Alert\" \/>\n\n\t\t\t\t\t\t\t<input type=\"hidden\" name=\"queried_id\" value=\"3475\"\/>\n\t\t\t\n\t\t\t<div class=\"elementor-form-fields-wrapper elementor-labels-above\">\n\t\t\t\t\t\t\t\t<div class=\"elementor-field-type-text elementor-field-group elementor-column elementor-field-group-name elementor-col-100 elementor-field-required\">\n\t\t\t\t\t\t\t\t\t\t\t\t<label for=\"form-field-name\" class=\"elementor-field-label\">\n\t\t\t\t\t\t\t\tNome\t\t\t\t\t\t\t<\/label>\n\t\t\t\t\t\t\t\t\t\t\t\t\t\t<input size=\"1\" type=\"text\" name=\"form_fields[name]\" id=\"form-field-name\" class=\"elementor-field elementor-size-sm  elementor-field-textual\" placeholder=\"Nome\" required=\"required\">\n\t\t\t\t\t\t\t\t\t\t\t<\/div>\n\t\t\t\t\t\t\t\t<div class=\"elementor-field-type-text elementor-field-group elementor-column elementor-field-group-field_ca364ea elementor-col-100 elementor-field-required\">\n\t\t\t\t\t\t\t\t\t\t\t\t<label for=\"form-field-field_ca364ea\" class=\"elementor-field-label\">\n\t\t\t\t\t\t\t\tCognome\t\t\t\t\t\t\t<\/label>\n\t\t\t\t\t\t\t\t\t\t\t\t\t\t<input size=\"1\" type=\"text\" name=\"form_fields[field_ca364ea]\" id=\"form-field-field_ca364ea\" class=\"elementor-field elementor-size-sm  elementor-field-textual\" placeholder=\"Cognome\" required=\"required\">\n\t\t\t\t\t\t\t\t\t\t\t<\/div>\n\t\t\t\t\t\t\t\t<div class=\"elementor-field-type-text elementor-field-group elementor-column elementor-field-group-field_47510f9 elementor-col-100 elementor-field-required\">\n\t\t\t\t\t\t\t\t\t\t\t\t<label for=\"form-field-field_47510f9\" class=\"elementor-field-label\">\n\t\t\t\t\t\t\t\tPosizione aziendale\t\t\t\t\t\t\t<\/label>\n\t\t\t\t\t\t\t\t\t\t\t\t\t\t<input size=\"1\" type=\"text\" name=\"form_fields[field_47510f9]\" id=\"form-field-field_47510f9\" class=\"elementor-field elementor-size-sm  elementor-field-textual\" placeholder=\"Posizione aziendale\" required=\"required\">\n\t\t\t\t\t\t\t\t\t\t\t<\/div>\n\t\t\t\t\t\t\t\t<div class=\"elementor-field-type-email elementor-field-group elementor-column elementor-field-group-field_c25085e elementor-col-100 elementor-field-required\">\n\t\t\t\t\t\t\t\t\t\t\t\t<label for=\"form-field-field_c25085e\" class=\"elementor-field-label\">\n\t\t\t\t\t\t\t\tIndirizzo email (per l\u00b4invio del Candidate Alert Premium)\t\t\t\t\t\t\t<\/label>\n\t\t\t\t\t\t\t\t\t\t\t\t\t\t<input size=\"1\" type=\"email\" name=\"form_fields[field_c25085e]\" id=\"form-field-field_c25085e\" class=\"elementor-field elementor-size-sm  elementor-field-textual\" placeholder=\"Indirizzo email\" required=\"required\">\n\t\t\t\t\t\t\t\t\t\t\t<\/div>\n\t\t\t\t\t\t\t\t<div class=\"elementor-field-type-text elementor-field-group elementor-column elementor-field-group-field_f8825ac elementor-col-100 elementor-field-required\">\n\t\t\t\t\t\t\t\t\t\t\t\t<label for=\"form-field-field_f8825ac\" class=\"elementor-field-label\">\n\t\t\t\t\t\t\t\tAzienda\t\t\t\t\t\t\t<\/label>\n\t\t\t\t\t\t\t\t\t\t\t\t\t\t<input size=\"1\" type=\"text\" name=\"form_fields[field_f8825ac]\" id=\"form-field-field_f8825ac\" class=\"elementor-field elementor-size-sm  elementor-field-textual\" placeholder=\"Azienda\" required=\"required\">\n\t\t\t\t\t\t\t\t\t\t\t<\/div>\n\t\t\t\t\t\t\t\t<div class=\"elementor-field-type-number elementor-field-group elementor-column elementor-field-group-field_87eb0b0 elementor-col-100 elementor-field-required\">\n\t\t\t\t\t\t\t\t\t\t\t\t<label for=\"form-field-field_87eb0b0\" class=\"elementor-field-label\">\n\t\t\t\t\t\t\t\tP.IVA\t\t\t\t\t\t\t<\/label>\n\t\t\t\t\t\t\t\t\t<input type=\"number\" name=\"form_fields[field_87eb0b0]\" id=\"form-field-field_87eb0b0\" class=\"elementor-field elementor-size-sm  elementor-field-textual\" placeholder=\"P.IVA\" required=\"required\" min=\"\" max=\"\" >\n\t\t\t\t\t\t<\/div>\n\t\t\t\t\t\t\t\t<div class=\"elementor-field-type-acceptance elementor-field-group elementor-column elementor-field-group-field_23cad6f elementor-col-100 elementor-field-required\">\n\t\t\t\t\t\t\t<div class=\"elementor-field-subgroup\">\n\t\t\t<span class=\"elementor-field-option\">\n\t\t\t\t<input type=\"checkbox\" name=\"form_fields[field_23cad6f]\" id=\"form-field-field_23cad6f\" class=\"elementor-field elementor-size-sm  elementor-acceptance-field\" required=\"required\">\n\t\t\t\t<label for=\"form-field-field_23cad6f\">Accetto l'informativa sulla privacy<\/label>\t\t\t<\/span>\n\t\t<\/div>\n\t\t\t\t\t\t<\/div>\n\t\t\t\t\t\t\t\t<div class=\"elementor-field-type-html elementor-field-group elementor-column elementor-field-group-field_033aded elementor-col-100\">\n\t\t\t\t\t<a href=\"https:\/\/www.businesspool.eu\/it\/privacy\/\" target=\"_blank\"><small>Informativa sulla privacy Business Pool GmbH<\/small><\/a>\t\t\t\t<\/div>\n\t\t\t\t\t\t\t\t<div class=\"elementor-field-group elementor-column elementor-field-type-submit elementor-col-100 e-form__buttons elementor-md-100\">\n\t\t\t\t\t<button class=\"elementor-button elementor-size-sm\" type=\"submit\">\n\t\t\t\t\t\t<span class=\"elementor-button-content-wrapper\">\n\t\t\t\t\t\t\t\t\t\t\t\t\t\t\t\t\t\t\t\t\t\t<span class=\"elementor-button-text\">Si registri<\/span>\n\t\t\t\t\t\t\t\t\t\t\t\t\t<\/span>\n\t\t\t\t\t<\/button>\n\t\t\t\t<\/div>\n\t\t\t<\/div>\n\t\t<\/form>\n\t\t\t\t\t\t<\/div>\n\t\t\t\t<\/div>\n\t\t\t\t<div class=\"elementor-element elementor-element-54106b5 elementor-widget elementor-widget-html\" data-id=\"54106b5\" data-element_type=\"widget\" data-widget_type=\"html.default\">\n\t\t\t\t<div class=\"elementor-widget-container\">\n\t\t\t\t\t<script>\r\ndocument.addEventListener(\"DOMContentLoaded\", function () {\r\n  jQuery(function ($) {\r\n    const pivaID = \"#field_87eb0b0\";\r\n\r\n    \/\/ Aspetta il caricamento completo di Elementor\r\n    elementorFrontend.hooks.addAction(\"frontend\/element_ready\/form\", function ($scope, $) {\r\n      const form = $scope.find(\"form\");\r\n\r\n      form.on(\"submit\", function (e) {\r\n        const pivaInput = form.find(pivaID);\r\n        const piva = pivaInput.val().trim();\r\n\r\n        const isValidLength = \/^[0-9]{11}$\/.test(piva);\r\n        const isNotAllEqual = !\/^(\\d)\\1{10}$\/.test(piva);\r\n\r\n        \/\/ Rimuove eventuali errori precedenti\r\n        form.find(\".piva-error\").remove();\r\n        pivaInput.css(\"border-color\", \"\");\r\n\r\n        if (!isValidLength || !isNotAllEqual) {\r\n          e.preventDefault(); \/\/ blocca l'invio\r\n          pivaInput.css(\"border-color\", \"red\");\r\n          pivaInput.after('<div class=\"piva-error\" style=\"color:red; font-size:13px; margin-top:5px;\">Inserisci una Partita IVA valida: 11 cifre numeriche, non tutte uguali.<\/div>');\r\n        }\r\n      });\r\n    });\r\n  });\r\n});\r\n<\/script>\t\t\t\t<\/div>\n\t\t\t\t<\/div>\n\t\t\t\t\t<\/div>\n\t\t\t\t<\/div>\n\t\t\t\t<\/div>\n\t\t","protected":false},"excerpt":{"rendered":"<p>CANDIDATE ALERT Candidate Alert Premium \u2013 Provi ora gratuitamente per 30 giorni Si registri qui Colga l\u2019opportunit\u00e0 di testare gratuitamente e senza impegno il nostro servizio Candidate Alert Premium per un periodo di prova fino a 30 giorni.Ricever\u00e0 settimanalmente informazioni esclusive su candidati e candidate altamente qualificati, attualmente disponibili \u2013 con i quali abbiamo gi\u00e0 svolto colloqui personali e formulato una valutazione approfondita. Acceda in anticipo ai migliori talenti e si assicuri cos\u00ec un vantaggio competitivo decisivo sul mercato.Conosca i candidati pi\u00f9 interessanti \u2013 prima degli altri. Importante: Se non disdice entro e non oltre 30 giorni dalla data di sottoscrizione del periodo di prova, l\u2019abbonamento al servizio Candidate Alert Premium si intender\u00e0 automaticamente attivato. Trover\u00e0 ulteriori informazioni su costi, durata e modalit\u00e0 di disdetta sotto.Con l\u2019invio della registrazione, Lei dichiara di aver letto e accettato le condizioni. Condizioni generali Si registri ora e approfitti di tutti i vantaggi compilando il seguente modulo:<\/p>\n","protected":false},"author":1,"featured_media":0,"parent":0,"menu_order":0,"comment_status":"closed","ping_status":"closed","template":"elementor_canvas","meta":{"_uag_custom_page_level_css":"","site-sidebar-layout":"default","site-content-layout":"","ast-site-content-layout":"default","site-content-style":"default","site-sidebar-style":"default","ast-global-header-display":"","ast-banner-title-visibility":"","ast-main-header-display":"","ast-hfb-above-header-display":"","ast-hfb-below-header-display":"","ast-hfb-mobile-header-display":"","site-post-title":"","ast-breadcrumbs-content":"","ast-featured-img":"","footer-sml-layout":"","ast-disable-related-posts":"","theme-transparent-header-meta":"","adv-header-id-meta":"","stick-header-meta":"","header-above-stick-meta":"","header-main-stick-meta":"","header-below-stick-meta":"","astra-migrate-meta-layouts":"default","ast-page-background-enabled":"default","ast-page-background-meta":{"desktop":{"background-color":"var(--ast-global-color-5)","background-image":"","background-repeat":"repeat","background-position":"center center","background-size":"auto","background-attachment":"scroll","background-type":"","background-media":"","overlay-type":"","overlay-color":"","overlay-opacity":"","overlay-gradient":""},"tablet":{"background-color":"","background-image":"","background-repeat":"repeat","background-position":"center center","background-size":"auto","background-attachment":"scroll","background-type":"","background-media":"","overlay-type":"","overlay-color":"","overlay-opacity":"","overlay-gradient":""},"mobile":{"background-color":"","background-image":"","background-repeat":"repeat","background-position":"center center","background-size":"auto","background-attachment":"scroll","background-type":"","background-media":"","overlay-type":"","overlay-color":"","overlay-opacity":"","overlay-gradient":""}},"ast-content-background-meta":{"desktop":{"background-color":"var(--ast-global-color-4)","background-image":"","background-repeat":"repeat","background-position":"center center","background-size":"auto","background-attachment":"scroll","background-type":"","background-media":"","overlay-type":"","overlay-color":"","overlay-opacity":"","overlay-gradient":""},"tablet":{"background-color":"var(--ast-global-color-4)","background-image":"","background-repeat":"repeat","background-position":"center center","background-size":"auto","background-attachment":"scroll","background-type":"","background-media":"","overlay-type":"","overlay-color":"","overlay-opacity":"","overlay-gradient":""},"mobile":{"background-color":"var(--ast-global-color-4)","background-image":"","background-repeat":"repeat","background-position":"center center","background-size":"auto","background-attachment":"scroll","background-type":"","background-media":"","overlay-type":"","overlay-color":"","overlay-opacity":"","overlay-gradient":""}},"footnotes":""},"class_list":["post-3475","page","type-page","status-publish","hentry"],"uagb_featured_image_src":{"full":false,"thumbnail":false,"medium":false,"medium_large":false,"large":false,"1536x1536":false,"2048x2048":false,"woocommerce_thumbnail":false,"woocommerce_single":false,"woocommerce_gallery_thumbnail":false},"uagb_author_info":{"display_name":"admin","author_link":"https:\/\/businesspool-hub.eu\/it\/blog\/author\/admin\/"},"uagb_comment_info":0,"uagb_excerpt":"CANDIDATE ALERT Candidate Alert Premium \u2013 Provi ora gratuitamente per 30 giorni Si registri qui Colga l\u2019opportunit\u00e0 di testare gratuitamente e senza impegno il nostro servizio Candidate Alert Premium per un periodo di prova fino a 30 giorni.Ricever\u00e0 settimanalmente informazioni esclusive su candidati e candidate altamente qualificati, attualmente disponibili \u2013 con i quali abbiamo gi\u00e0&hellip;","_links":{"self":[{"href":"https:\/\/businesspool-hub.eu\/it\/wp-json\/wp\/v2\/pages\/3475","targetHints":{"allow":["GET"]}}],"collection":[{"href":"https:\/\/businesspool-hub.eu\/it\/wp-json\/wp\/v2\/pages"}],"about":[{"href":"https:\/\/businesspool-hub.eu\/it\/wp-json\/wp\/v2\/types\/page"}],"author":[{"embeddable":true,"href":"https:\/\/businesspool-hub.eu\/it\/wp-json\/wp\/v2\/users\/1"}],"replies":[{"embeddable":true,"href":"https:\/\/businesspool-hub.eu\/it\/wp-json\/wp\/v2\/comments?post=3475"}],"version-history":[{"count":0,"href":"https:\/\/businesspool-hub.eu\/it\/wp-json\/wp\/v2\/pages\/3475\/revisions"}],"wp:attachment":[{"href":"https:\/\/businesspool-hub.eu\/it\/wp-json\/wp\/v2\/media?parent=3475"}],"curies":[{"name":"wp","href":"https:\/\/api.w.org\/{rel}","templated":true}]}}